{"id":888,"date":"2025-02-13T16:48:55","date_gmt":"2025-02-13T15:48:55","guid":{"rendered":"https:\/\/webstaging.spka.ch\/schweizer-parkour-verband\/"},"modified":"2025-10-09T19:10:13","modified_gmt":"2025-10-09T17:10:13","slug":"home","status":"publish","type":"page","link":"https:\/\/spka.ch\/de\/","title":{"rendered":"Swiss Parkour Association"},"content":{"rendered":"\n<div class=\"wp-block-cover alignfull has-parallax has-custom-content-position is-position-top-center\"><span aria-hidden=\"true\" class=\"wp-block-cover__background has-palette-color-3-background-color has-background-dim-60 has-background-dim\"><\/span><div class=\"wp-block-cover__image-background wp-image-723 has-parallax\" style=\"background-position:50% 50%;background-image:url(\/wp-content\/uploads\/Gros-2022_08_13-Parkour-SPKA-Jam-Aarau-20220813_DSC_0166_exp-1.jpeg);\"><\/div><div class=\"wp-block-cover__inner-container is-layout-constrained wp-block-cover-is-layout-constrained\">\n<div class=\"wp-block-group has-accent-2-background-color has-background is-content-justification-center is-layout-constrained wp-block-group-is-layout-constrained\">\n<div style=\"height:205px\" aria-hidden=\"true\" class=\"wp-block-spacer\"><\/div>\n\n\n\n<p class=\"has-text-align-center has-palette-color-8-color has-text-color has-link-color has-large-font-size wp-elements-ff43f408f12c3ecf3f661caf67791714\">SPKA ist der Schweizer Dachverband f\u00fcr Parkour, Freerunning und Art du D\u00e9placement.<\/p>\n<\/div>\n<\/div><\/div>\n\n<div class=\"wp-block-columns is-layout-flex wp-container-core-columns-is-layout-28f84493 wp-block-columns-is-layout-flex\">\n<div class=\"wp-block-column is-layout-flow wp-block-column-is-layout-flow\">\n<figure class=\"wp-block-pullquote\"><blockquote><p>22<\/p><cite>Mitgliedsorganisationen<\/cite><\/blockquote><\/figure>\n<\/div>\n\n\n\n<div class=\"wp-block-column is-layout-flow wp-block-column-is-layout-flow\">\n<figure class=\"wp-block-pullquote\"><blockquote><p>63<\/p><cite>Einzelne Mitglieder<\/cite><\/blockquote><\/figure>\n<\/div>\n\n\n\n<div class=\"wp-block-column is-layout-flow wp-block-column-is-layout-flow\">\n<figure class=\"wp-block-pullquote\"><blockquote><p>3000<\/p><cite>Vertretene Praktiker<\/cite><\/blockquote><\/figure>\n<\/div>\n<\/div>\n\n<p>Die Swiss Parkour Association (SPKA) ist seit 2018 der Dachverband von Swiss Parkour und vereint Parkour-Clubs sowie unabh\u00e4ngige Einzelpersonen, die 3000 aktive Mitglieder vertreten. Der Verein konzentriert sich auf die Verbindung der Gemeinschaft und die Professionalisierung des jungen Sports als seine Hauptaufgabe. Mit der Einf\u00fchrung einer schweizweiten Parkour-Trainerausbildung bei Jugend und Sport hat die SPKA die Aufgabe, die n\u00e4chste Generation von Parkour-Sportlern nachhaltig zu f\u00f6rdern. Mit der Swiss Parkour Tour fordern wir die besten Parkour-Athleten heraus, gegeneinander anzutreten und die Schweizer Parkour-Meisterschaften sowie das j\u00e4hrliche (nicht wettkampforientierte) Parkour-Kulturfestival, den Swiss Jam, auszutragen.   <\/p>\n\n<div class=\"wp-block-columns is-layout-flex wp-container-core-columns-is-layout-28f84493 wp-block-columns-is-layout-flex\">\n<div class=\"wp-block-column column-as-flex-column is-layout-flow wp-block-column-is-layout-flow\">\n<h3 class=\"wp-block-heading has-text-align-center\">F\u00fcr Ausbilder<\/h3>\n\n\n\n<figure class=\"wp-block-image aligncenter size-large is-resized\"><img loading=\"lazy\" decoding=\"async\" width=\"1004\" height=\"1024\" src=\"\/wp-content\/uploads\/JS_d_f_RGB-1004x1024.png\" alt=\"\" class=\"wp-image-1376\" style=\"width:auto;height:80px\" srcset=\"\/wp-content\/uploads\/JS_d_f_RGB-1004x1024.png 1004w, \/wp-content\/uploads\/JS_d_f_RGB-294x300.png 294w, \/wp-content\/uploads\/JS_d_f_RGB-768x783.png 768w, \/wp-content\/uploads\/JS_d_f_RGB-1506x1536.png 1506w, \/wp-content\/uploads\/JS_d_f_RGB.png 2000w\" sizes=\"auto, (max-width: 1004px) 100vw, 1004px\" \/><\/figure>\n\n\n\n<p>SPKA ist der Koordinator des Programms Jugend+Sport Parkour. Dieses bietet Schulungen f\u00fcr Parkour-Trainer und finanzielle Unterst\u00fctzung f\u00fcr Vereine, die junge Menschen mit qualifizierten Trainern unterrichten. Die Ausbildungskurse f\u00fcr Ausbilder finden mehrmals im Jahr statt.  <\/p>\n\n\n\n<div class=\"wp-block-buttons button-margin-top-auto is-horizontal is-content-justification-center is-layout-flex wp-container-core-buttons-is-layout-6bd4d9d1 wp-block-buttons-is-layout-flex\">\n<div class=\"wp-block-button\"><a class=\"wp-block-button__link wp-element-button\" href=\"https:\/\/webstaging.spka.ch\/de\/js\/\">&gt; J+S Parkour<\/a><\/div>\n<\/div>\n<\/div>\n\n\n\n<div class=\"wp-block-column column-as-flex-column is-layout-flow wp-block-column-is-layout-flow\">\n<h3 class=\"wp-block-heading has-text-align-center\">F\u00fcr Athleten<\/h3>\n\n\n\n<figure class=\"wp-block-image aligncenter size-full is-resized\"><img loading=\"lazy\" decoding=\"async\" width=\"150\" height=\"150\" src=\"\/wp-content\/uploads\/jam_2023orange-150x150-1.png\" alt=\"\" class=\"wp-image-1378\" style=\"width:auto;height:80px\"\/><\/figure>\n\n\n\n<p>Die Swiss Parkour Tour (SPT) ist die SPKA Veranstaltungsplattform f\u00fcr Parkour in der Schweiz. Es gibt sowohl einen Wettbewerbskurs als auch informelle Trainingsveranstaltungen (Jams). Auf der <a href=\"https:\/\/www.swissparkourtour.ch\" target=\"_blank\" rel=\"noreferrer noopener\">SPT Website<\/a> finden Sie alle Details zu den kommenden Veranstaltungen. Kontaktieren Sie das Team, um eine Veranstaltung auszurichten.<\/p>\n\n\n\n<div class=\"wp-block-buttons button-margin-top-auto is-content-justification-center is-layout-flex wp-container-core-buttons-is-layout-a89b3969 wp-block-buttons-is-layout-flex\">\n<div class=\"wp-block-button\"><a class=\"wp-block-button__link wp-element-button\" href=\"https:\/\/webstaging.spka.ch\/de\/spt\/\">&gt; \u00dcber den SPT<\/a><\/div>\n<\/div>\n<\/div>\n\n\n\n<div class=\"wp-block-column column-as-flex-column is-layout-flow wp-block-column-is-layout-flow\">\n<h3 class=\"wp-block-heading has-text-align-center\">F\u00fcr Anf\u00e4nger<\/h3>\n\n\n\n<figure class=\"wp-block-image aligncenter size-large is-resized\"><img loading=\"lazy\" decoding=\"async\" width=\"1024\" height=\"868\" src=\"\/wp-content\/uploads\/rect1-1024x868.png\" alt=\"\" class=\"wp-image-1381\" style=\"width:auto;height:80px\" srcset=\"\/wp-content\/uploads\/rect1-1024x868.png 1024w, \/wp-content\/uploads\/rect1-300x254.png 300w, \/wp-content\/uploads\/rect1-768x651.png 768w, \/wp-content\/uploads\/rect1-1536x1302.png 1536w, \/wp-content\/uploads\/rect1-2048x1735.png 2048w\" sizes=\"auto, (max-width: 1024px) 100vw, 1024px\" \/><\/figure>\n\n\n\n<p>Wenn Sie daran interessiert sind, Parkour zu lernen, empfehlen wir Ihnen, Parkour-Kurse oder -Stunden in einem Verein in Ihrer N\u00e4he zu besuchen. Sie k\u00f6nnen auch selbst lernen, indem Sie Online-Ressourcen nutzen oder sich einer informellen Gemeinschaft anschlie\u00dfen und gemeinsam lernen.  \u00dcberpr\u00fcfen Sie unsere Mitgliederliste, um eine Gruppe in Ihrer N\u00e4he zu finden.<\/p>\n\n\n\n<div class=\"wp-block-buttons button-margin-top-auto is-content-justification-center is-layout-flex wp-container-core-buttons-is-layout-a89b3969 wp-block-buttons-is-layout-flex\">\n<div class=\"wp-block-button\"><a class=\"wp-block-button__link wp-element-button\" href=\"https:\/\/webstaging.spka.ch\/de\/members\/\">&gt; SPKA Mitglieder<\/a><\/div>\n<\/div>\n<\/div>\n<\/div>\n\n<h2 class=\"wp-block-heading\">Swiss Parkour Tour<\/h2>\n\n<p>Swiss Parkour&#8217;s Event Plattform und Wettkampfserie. Besuchen Sie die <a href=\"https:\/\/www.swissparkourtour.ch\" target=\"_blank\" rel=\"noreferrer noopener\">SPT Website<\/a> f\u00fcr kommende Events. <\/p>\n\n<figure class=\"wp-block-embed is-type-video is-provider-youtube wp-block-embed-youtube wp-embed-aspect-16-9 wp-has-aspect-ratio\"><div class=\"wp-block-embed__wrapper\">\n<iframe loading=\"lazy\" title=\"Swiss Parkour Tour 2024 - Trailer\" width=\"1290\" height=\"726\" src=\"https:\/\/www.youtube.com\/embed\/5FzXWSO3lzg?feature=oembed\" frameborder=\"0\" allow=\"accelerometer; autoplay; clipboard-write; encrypted-media; gyroscope; picture-in-picture; web-share\" referrerpolicy=\"strict-origin-when-cross-origin\" allowfullscreen><\/iframe>\n<\/div><\/figure>\n\n<hr class=\"wp-block-separator has-alpha-channel-opacity\"\/>\n\n<h2 class=\"wp-block-heading\">Kontaktieren Sie uns<\/h2>\n\n<p>Nehmen Sie <a href=\"https:\/\/webstaging.spka.ch\/de\/kontakt\/\">Kontakt mit uns<\/a> auf oder f\u00fcllen Sie dieses Formular aus.<\/p>\n\n<div class=\"wpcf7 no-js\" id=\"wpcf7-f1418-o1\" lang=\"de-DE\" dir=\"ltr\" data-wpcf7-id=\"1418\">\n<div class=\"screen-reader-response\"><p role=\"status\" aria-live=\"polite\" aria-atomic=\"true\"><\/p> <ul><\/ul><\/div>\n<form action=\"\/de\/wp-json\/wp\/v2\/pages\/888#wpcf7-f1418-o1\" method=\"post\" class=\"wpcf7-form init\" aria-label=\"Kontaktformular\" novalidate=\"novalidate\" data-status=\"init\">\n<fieldset class=\"hidden-fields-container\"><input type=\"hidden\" name=\"_wpcf7\" value=\"1418\" \/><input type=\"hidden\" name=\"_wpcf7_version\" value=\"6.1.5\" \/><input type=\"hidden\" name=\"_wpcf7_locale\" value=\"de_DE\" \/><input type=\"hidden\" name=\"_wpcf7_unit_tag\" value=\"wpcf7-f1418-o1\" \/><input type=\"hidden\" name=\"_wpcf7_container_post\" value=\"0\" \/><input type=\"hidden\" name=\"_wpcf7_posted_data_hash\" value=\"\" \/><input type=\"hidden\" name=\"_wpcf7_recaptcha_response\" value=\"\" \/>\n<\/fieldset>\n<p><label> Ihr Name<br \/>\n<span class=\"wpcf7-form-control-wrap\" data-name=\"your-name\"><input size=\"40\" maxlength=\"400\" class=\"wpcf7-form-control wpcf7-text wpcf7-validates-as-required\" autocomplete=\"name\" aria-required=\"true\" aria-invalid=\"false\" value=\"\" type=\"text\" name=\"your-name\" \/><\/span> <\/label>\n<\/p>\n<p><label> Ihre E-Mail<br \/>\n<span class=\"wpcf7-form-control-wrap\" data-name=\"your-email\"><input size=\"40\" maxlength=\"400\" class=\"wpcf7-form-control wpcf7-email wpcf7-validates-as-required wpcf7-text wpcf7-validates-as-email\" autocomplete=\"email\" aria-required=\"true\" aria-invalid=\"false\" value=\"\" type=\"email\" name=\"your-email\" \/><\/span> <\/label>\n<\/p>\n<p><label> Thema<br \/>\n<span class=\"wpcf7-form-control-wrap\" data-name=\"your-subject\"><input size=\"40\" maxlength=\"400\" class=\"wpcf7-form-control wpcf7-text wpcf7-validates-as-required\" aria-required=\"true\" aria-invalid=\"false\" value=\"\" type=\"text\" name=\"your-subject\" \/><\/span> <\/label>\n<\/p>\n<p><label> Ihre Nachricht (optional)<br \/>\n<span class=\"wpcf7-form-control-wrap\" data-name=\"your-message\"><textarea cols=\"40\" rows=\"10\" maxlength=\"2000\" class=\"wpcf7-form-control wpcf7-textarea\" aria-invalid=\"false\" name=\"your-message\"><\/textarea><\/span> <\/label>\n<\/p>\n<p><input class=\"wpcf7-form-control wpcf7-submit has-spinner\" type=\"submit\" value=\"Einreichen\" \/>\n<\/p>\n<p>Dieses Formular verwendet Akismet, um Spam zu reduzieren. <a target=\"_blank\" rel=\"nofollow noopener\" href=\"https:\/\/akismet.com\/privacy\/\">Erfahren Sie, wie Ihre Daten verarbeitet werden.<\/a>\n<\/p><p style=\"display: none !important;\" class=\"akismet-fields-container\" data-prefix=\"_wpcf7_ak_\"><label>&#916;<textarea name=\"_wpcf7_ak_hp_textarea\" cols=\"45\" rows=\"8\" maxlength=\"100\"><\/textarea><\/label><input type=\"hidden\" id=\"ak_js_1\" name=\"_wpcf7_ak_js\" value=\"221\"\/><script>document.getElementById( \"ak_js_1\" ).setAttribute( \"value\", ( new Date() ).getTime() );<\/script><\/p><div class=\"wpcf7-response-output\" aria-hidden=\"true\"><\/div>\n<\/form>\n<\/div>\n\n\n<figure class=\"wp-block-image size-full\"><img loading=\"lazy\" decoding=\"async\" width=\"2560\" height=\"980\" src=\"\/wp-content\/uploads\/JS_Lager-138-scaled.jpg\" alt=\"\" class=\"wp-image-164\" srcset=\"\/wp-content\/uploads\/JS_Lager-138-scaled.jpg 2560w, \/wp-content\/uploads\/JS_Lager-138-300x115.jpg 300w, \/wp-content\/uploads\/JS_Lager-138-1024x392.jpg 1024w, \/wp-content\/uploads\/JS_Lager-138-768x294.jpg 768w, \/wp-content\/uploads\/JS_Lager-138-1536x588.jpg 1536w, \/wp-content\/uploads\/JS_Lager-138-2048x784.jpg 2048w\" sizes=\"auto, (max-width: 2560px) 100vw, 2560px\" \/><\/figure>\n","protected":false},"excerpt":{"rendered":"<p>Die Swiss Parkour Association (SPKA) ist seit 2018 der Dachverband von Swiss Parkour und vereint Parkour-Clubs sowie unabh\u00e4ngige Einzelpersonen, die 3000 aktive Mitglieder vertreten. Der Verein konzentriert sich auf die Verbindung der Gemeinschaft und die Professionalisierung des jungen Sports als seine Hauptaufgabe. Mit der Einf\u00fchrung einer schweizweiten Parkour-Trainerausbildung bei Jugend und Sport hat die SPKA [&hellip;]<\/p>\n","protected":false},"author":2,"featured_media":723,"parent":0,"menu_order":0,"comment_status":"closed","ping_status":"closed","template":"","meta":{"footnotes":""},"class_list":["post-888","page","type-page","status-publish","has-post-thumbnail","hentry"],"blocksy_meta":{"has_hero_section":"disabled","disable_share_box":"yes","styles_descriptor":{"styles":{"desktop":"","tablet":"","mobile":""},"google_fonts":[],"version":6}},"yoast_head":"<!-- This site is optimized with the Yoast SEO plugin v27.2 - https:\/\/yoast.com\/product\/yoast-seo-wordpress\/ -->\n<title>Swiss Parkour Association - Swiss Parkour Association<\/title>\n<meta name=\"robots\" content=\"index, follow, max-snippet:-1, max-image-preview:large, max-video-preview:-1\" \/>\n<link rel=\"canonical\" href=\"https:\/\/spka.ch\/de\/\" \/>\n<meta property=\"og:locale\" content=\"de_DE\" \/>\n<meta property=\"og:type\" content=\"article\" \/>\n<meta property=\"og:title\" content=\"Swiss Parkour Association - Swiss Parkour Association\" \/>\n<meta property=\"og:description\" content=\"Die Swiss Parkour Association (SPKA) ist seit 2018 der Dachverband von Swiss Parkour und vereint Parkour-Clubs sowie unabh\u00e4ngige Einzelpersonen, die 3000 aktive Mitglieder vertreten. Der Verein konzentriert sich auf die Verbindung der Gemeinschaft und die Professionalisierung des jungen Sports als seine Hauptaufgabe. Mit der Einf\u00fchrung einer schweizweiten Parkour-Trainerausbildung bei Jugend und Sport hat die SPKA [&hellip;]\" \/>\n<meta property=\"og:url\" content=\"https:\/\/spka.ch\/de\/\" \/>\n<meta property=\"og:site_name\" content=\"Swiss Parkour Association\" \/>\n<meta property=\"article:modified_time\" content=\"2025-10-09T17:10:13+00:00\" \/>\n<meta property=\"og:image\" content=\"https:\/\/spka.ch\/wp-content\/uploads\/Gros-2022_08_13-Parkour-SPKA-Jam-Aarau-20220813_DSC_0166_exp-1.jpeg\" \/>\n\t<meta property=\"og:image:width\" content=\"1280\" \/>\n\t<meta property=\"og:image:height\" content=\"910\" \/>\n\t<meta property=\"og:image:type\" content=\"image\/jpeg\" \/>\n<meta name=\"twitter:card\" content=\"summary_large_image\" \/>\n<meta name=\"twitter:label1\" content=\"Gesch\u00e4tzte Lesezeit\" \/>\n\t<meta name=\"twitter:data1\" content=\"2\u00a0Minuten\" \/>\n<script type=\"application\/ld+json\" class=\"yoast-schema-graph\">{\"@context\":\"https:\/\/schema.org\",\"@graph\":[{\"@type\":\"WebPage\",\"@id\":\"https:\/\/spka.ch\/de\/\",\"url\":\"https:\/\/spka.ch\/de\/\",\"name\":\"Swiss Parkour Association - Swiss Parkour Association\",\"isPartOf\":{\"@id\":\"https:\/\/spka-wordpress-fhf0e0dzb2bveydb.switzerlandnorth-01.azurewebsites.net\/en\/#website\"},\"primaryImageOfPage\":{\"@id\":\"https:\/\/spka.ch\/de\/#primaryimage\"},\"image\":{\"@id\":\"https:\/\/spka.ch\/de\/#primaryimage\"},\"thumbnailUrl\":\"\/wp-content\/uploads\/Gros-2022_08_13-Parkour-SPKA-Jam-Aarau-20220813_DSC_0166_exp-1.jpeg\",\"datePublished\":\"2025-02-13T15:48:55+00:00\",\"dateModified\":\"2025-10-09T17:10:13+00:00\",\"breadcrumb\":{\"@id\":\"https:\/\/spka.ch\/de\/#breadcrumb\"},\"inLanguage\":\"de\",\"potentialAction\":[{\"@type\":\"ReadAction\",\"target\":[\"https:\/\/spka.ch\/de\/\"]}]},{\"@type\":\"ImageObject\",\"inLanguage\":\"de\",\"@id\":\"https:\/\/spka.ch\/de\/#primaryimage\",\"url\":\"\/wp-content\/uploads\/Gros-2022_08_13-Parkour-SPKA-Jam-Aarau-20220813_DSC_0166_exp-1.jpeg\",\"contentUrl\":\"\/wp-content\/uploads\/Gros-2022_08_13-Parkour-SPKA-Jam-Aarau-20220813_DSC_0166_exp-1.jpeg\",\"width\":1280,\"height\":910},{\"@type\":\"BreadcrumbList\",\"@id\":\"https:\/\/spka.ch\/de\/#breadcrumb\",\"itemListElement\":[{\"@type\":\"ListItem\",\"position\":1,\"name\":\"Home\",\"item\":\"https:\/\/www.spka.ch\/de\/\"},{\"@type\":\"ListItem\",\"position\":2,\"name\":\"Swiss Parkour Association\"}]},{\"@type\":\"WebSite\",\"@id\":\"https:\/\/spka-wordpress-fhf0e0dzb2bveydb.switzerlandnorth-01.azurewebsites.net\/en\/#website\",\"url\":\"https:\/\/spka-wordpress-fhf0e0dzb2bveydb.switzerlandnorth-01.azurewebsites.net\/en\/\",\"name\":\"Swiss Parkour Association\",\"description\":\"\",\"publisher\":{\"@id\":\"https:\/\/spka-wordpress-fhf0e0dzb2bveydb.switzerlandnorth-01.azurewebsites.net\/en\/#organization\"},\"potentialAction\":[{\"@type\":\"SearchAction\",\"target\":{\"@type\":\"EntryPoint\",\"urlTemplate\":\"https:\/\/spka-wordpress-fhf0e0dzb2bveydb.switzerlandnorth-01.azurewebsites.net\/en\/?s={search_term_string}\"},\"query-input\":{\"@type\":\"PropertyValueSpecification\",\"valueRequired\":true,\"valueName\":\"search_term_string\"}}],\"inLanguage\":\"de\"},{\"@type\":\"Organization\",\"@id\":\"https:\/\/spka-wordpress-fhf0e0dzb2bveydb.switzerlandnorth-01.azurewebsites.net\/en\/#organization\",\"name\":\"Swiss Parkour Association\",\"url\":\"https:\/\/spka-wordpress-fhf0e0dzb2bveydb.switzerlandnorth-01.azurewebsites.net\/en\/\",\"logo\":{\"@type\":\"ImageObject\",\"inLanguage\":\"de\",\"@id\":\"https:\/\/spka-wordpress-fhf0e0dzb2bveydb.switzerlandnorth-01.azurewebsites.net\/en\/#\/schema\/logo\/image\/\",\"url\":\"\/wp-content\/uploads\/logo-dark-circle.png\",\"contentUrl\":\"\/wp-content\/uploads\/logo-dark-circle.png\",\"width\":527,\"height\":527,\"caption\":\"Swiss Parkour Association\"},\"image\":{\"@id\":\"https:\/\/spka-wordpress-fhf0e0dzb2bveydb.switzerlandnorth-01.azurewebsites.net\/en\/#\/schema\/logo\/image\/\"},\"sameAs\":[\"https:\/\/www.instagram.com\/spka.swiss\/\"]}]}<\/script>\n<!-- \/ Yoast SEO plugin. -->","yoast_head_json":{"title":"Swiss Parkour Association - Swiss Parkour Association","robots":{"index":"index","follow":"follow","max-snippet":"max-snippet:-1","max-image-preview":"max-image-preview:large","max-video-preview":"max-video-preview:-1"},"canonical":"https:\/\/spka.ch\/de\/","og_locale":"de_DE","og_type":"article","og_title":"Swiss Parkour Association - Swiss Parkour Association","og_description":"Die Swiss Parkour Association (SPKA) ist seit 2018 der Dachverband von Swiss Parkour und vereint Parkour-Clubs sowie unabh\u00e4ngige Einzelpersonen, die 3000 aktive Mitglieder vertreten. Der Verein konzentriert sich auf die Verbindung der Gemeinschaft und die Professionalisierung des jungen Sports als seine Hauptaufgabe. Mit der Einf\u00fchrung einer schweizweiten Parkour-Trainerausbildung bei Jugend und Sport hat die SPKA [&hellip;]","og_url":"https:\/\/spka.ch\/de\/","og_site_name":"Swiss Parkour Association","article_modified_time":"2025-10-09T17:10:13+00:00","og_image":[{"width":1280,"height":910,"url":"https:\/\/spka.ch\/wp-content\/uploads\/Gros-2022_08_13-Parkour-SPKA-Jam-Aarau-20220813_DSC_0166_exp-1.jpeg","type":"image\/jpeg"}],"twitter_card":"summary_large_image","twitter_misc":{"Gesch\u00e4tzte Lesezeit":"2\u00a0Minuten"},"schema":{"@context":"https:\/\/schema.org","@graph":[{"@type":"WebPage","@id":"https:\/\/spka.ch\/de\/","url":"https:\/\/spka.ch\/de\/","name":"Swiss Parkour Association - Swiss Parkour Association","isPartOf":{"@id":"https:\/\/spka-wordpress-fhf0e0dzb2bveydb.switzerlandnorth-01.azurewebsites.net\/en\/#website"},"primaryImageOfPage":{"@id":"https:\/\/spka.ch\/de\/#primaryimage"},"image":{"@id":"https:\/\/spka.ch\/de\/#primaryimage"},"thumbnailUrl":"\/wp-content\/uploads\/Gros-2022_08_13-Parkour-SPKA-Jam-Aarau-20220813_DSC_0166_exp-1.jpeg","datePublished":"2025-02-13T15:48:55+00:00","dateModified":"2025-10-09T17:10:13+00:00","breadcrumb":{"@id":"https:\/\/spka.ch\/de\/#breadcrumb"},"inLanguage":"de","potentialAction":[{"@type":"ReadAction","target":["https:\/\/spka.ch\/de\/"]}]},{"@type":"ImageObject","inLanguage":"de","@id":"https:\/\/spka.ch\/de\/#primaryimage","url":"\/wp-content\/uploads\/Gros-2022_08_13-Parkour-SPKA-Jam-Aarau-20220813_DSC_0166_exp-1.jpeg","contentUrl":"\/wp-content\/uploads\/Gros-2022_08_13-Parkour-SPKA-Jam-Aarau-20220813_DSC_0166_exp-1.jpeg","width":1280,"height":910},{"@type":"BreadcrumbList","@id":"https:\/\/spka.ch\/de\/#breadcrumb","itemListElement":[{"@type":"ListItem","position":1,"name":"Home","item":"https:\/\/www.spka.ch\/de\/"},{"@type":"ListItem","position":2,"name":"Swiss Parkour Association"}]},{"@type":"WebSite","@id":"https:\/\/spka-wordpress-fhf0e0dzb2bveydb.switzerlandnorth-01.azurewebsites.net\/en\/#website","url":"https:\/\/spka-wordpress-fhf0e0dzb2bveydb.switzerlandnorth-01.azurewebsites.net\/en\/","name":"Swiss Parkour Association","description":"","publisher":{"@id":"https:\/\/spka-wordpress-fhf0e0dzb2bveydb.switzerlandnorth-01.azurewebsites.net\/en\/#organization"},"potentialAction":[{"@type":"SearchAction","target":{"@type":"EntryPoint","urlTemplate":"https:\/\/spka-wordpress-fhf0e0dzb2bveydb.switzerlandnorth-01.azurewebsites.net\/en\/?s={search_term_string}"},"query-input":{"@type":"PropertyValueSpecification","valueRequired":true,"valueName":"search_term_string"}}],"inLanguage":"de"},{"@type":"Organization","@id":"https:\/\/spka-wordpress-fhf0e0dzb2bveydb.switzerlandnorth-01.azurewebsites.net\/en\/#organization","name":"Swiss Parkour Association","url":"https:\/\/spka-wordpress-fhf0e0dzb2bveydb.switzerlandnorth-01.azurewebsites.net\/en\/","logo":{"@type":"ImageObject","inLanguage":"de","@id":"https:\/\/spka-wordpress-fhf0e0dzb2bveydb.switzerlandnorth-01.azurewebsites.net\/en\/#\/schema\/logo\/image\/","url":"\/wp-content\/uploads\/logo-dark-circle.png","contentUrl":"\/wp-content\/uploads\/logo-dark-circle.png","width":527,"height":527,"caption":"Swiss Parkour Association"},"image":{"@id":"https:\/\/spka-wordpress-fhf0e0dzb2bveydb.switzerlandnorth-01.azurewebsites.net\/en\/#\/schema\/logo\/image\/"},"sameAs":["https:\/\/www.instagram.com\/spka.swiss\/"]}]}},"jetpack_sharing_enabled":true,"jetpack_shortlink":"https:\/\/wp.me\/PgGha7-ek","_links":{"self":[{"href":"https:\/\/spka.ch\/de\/wp-json\/wp\/v2\/pages\/888","targetHints":{"allow":["GET"]}}],"collection":[{"href":"https:\/\/spka.ch\/de\/wp-json\/wp\/v2\/pages"}],"about":[{"href":"https:\/\/spka.ch\/de\/wp-json\/wp\/v2\/types\/page"}],"author":[{"embeddable":true,"href":"https:\/\/spka.ch\/de\/wp-json\/wp\/v2\/users\/2"}],"replies":[{"embeddable":true,"href":"https:\/\/spka.ch\/de\/wp-json\/wp\/v2\/comments?post=888"}],"version-history":[{"count":18,"href":"https:\/\/spka.ch\/de\/wp-json\/wp\/v2\/pages\/888\/revisions"}],"predecessor-version":[{"id":1423,"href":"https:\/\/spka.ch\/de\/wp-json\/wp\/v2\/pages\/888\/revisions\/1423"}],"wp:featuredmedia":[{"embeddable":true,"href":"https:\/\/spka.ch\/de\/wp-json\/wp\/v2\/media\/723"}],"wp:attachment":[{"href":"https:\/\/spka.ch\/de\/wp-json\/wp\/v2\/media?parent=888"}],"curies":[{"name":"wp","href":"https:\/\/api.w.org\/{rel}","templated":true}]}}